{"id":86,"date":"2025-03-30T20:20:58","date_gmt":"2025-03-30T20:20:58","guid":{"rendered":"https:\/\/micianiec.ch\/?page_id=86"},"modified":"2025-03-30T22:16:09","modified_gmt":"2025-03-30T22:16:09","slug":"academic-research","status":"publish","type":"page","link":"https:\/\/micianiec.ch\/de\/academic-research\/","title":{"rendered":"Akademische Forschung"},"content":{"rendered":"<h3 class=\"wp-block-heading\">Dieser Abschnitt stellt die akademische und analytische Seite meiner Arbeit vor<\/h3>\n\n\n\n<p>W\u00e4hrend ich Professionell betreiben in der business-Ausf\u00fchrung, habe ich auch die Entwicklung der Forschung, die untersucht die tieferen \u00f6konomischen, technologischen und strategischen Muster shaping innovation, den immateriellen Verm\u00f6genswert Wert, und digitale transformation.<\/p>\n\n\n\n<p>Die beiden Welten miteinander verbunden sind: Theorie-feeds der Praxis und der realen Welt Muster sch\u00e4rfen Theorie.<\/p>\n\n\n\n<h3 class=\"wp-block-heading\">Forschungsschwerpunkte<\/h3>\n\n\n\n<ul class=\"wp-block-list\">\n<li>Kommerzialisierung von immateriellen Verm\u00f6genswerten in den Lebenswissenschafts<\/li>\n\n\n\n<li>Bewertungs-Methoden f\u00fcr die Daten -, Wissens-und KI-generiertes IP<\/li>\n\n\n\n<li>Generative KI ist Rolle bei der Entscheidungsfindung und Monetarisierung Logik<\/li>\n\n\n\n<li>Kundensegmentierung und Verhaltens\u00f6konomie bei B2B-Innovationen<\/li>\n\n\n\n<li>Strategische Gestaltung und Finanzierung von Innovationsportfolios<\/li>\n\n\n\n<li>Digitale Infrastruktur und nicht-lineare Wachstum in KMU<\/li>\n\n\n\n<li>Geistiges Eigentum als Finanz-und strategische Verm\u00f6genswert<\/li>\n<\/ul>\n\n\n\n<h3 class=\"wp-block-heading\">Laufende Projekte<\/h3>\n\n\n\n<p>Meine aktuellen Doktorarbeit untersucht, wie Unternehmen \u2013 insbesondere in den Lebenswissenschafts und regulierte Industrien k\u00f6nnen, besser zu identifizieren, modellieren und kommunizieren den Wert der immateriellen Verm\u00f6genswerte mit Daten, Technologien und KI-frameworks unterst\u00fctzt.<\/p>\n\n\n\n<p>Das Ziel ist es, nicht-physikalische Wert, der sichtbar, messbar und strategisch verwertbar.<\/p>\n\n\n\n<h3 class=\"wp-block-heading\">Arbeitspapiere und fr\u00fche Rahmenbedingungen<\/h3>\n\n\n\n<ul class=\"wp-block-list\">\n<li>&#034;Die Bewertung der Unsichtbare&#034; \u2013 der strategische Rahmen, Entwurf (PDF)<\/li>\n\n\n\n<li>&#034;AI-unterst\u00fctzte IP-Kommerzialisierung-Modelle&#034; \u2013 Gliederung in progress<\/li>\n\n\n\n<li>&#034;Customer-Centricity in Innovation Investment&#034; \u2013 research brief (ver\u00f6ffentlicht)<\/li>\n\n\n\n<li>&#034;Das Portfolio ist das Produkt&#034; \u2013 Forschung Hinweis auf eine schlanke Verwaltung und Finanzierung logic<\/li>\n<\/ul>\n\n\n\n<h3 class=\"wp-block-heading\">Akademische und Forschungszugeh\u00f6rigkeiten<\/h3>\n\n\n\n<ul class=\"wp-block-list\">\n<li>Polnische Akademie der Wissenschaften \u2013 Institut f\u00fcr Wirtschafts-und Sozialwissenschaften (INE)<\/li>\n\n\n\n<li>Independent researcher exploring Swiss collaboration-frameworks<\/li>\n\n\n\n<li>Offen Betreuung, co-Autorenschaft, - und panel-Teilnahme<\/li>\n<\/ul>\n\n\n\n<h3 class=\"wp-block-heading\">An einer Zusammenarbeit interessiert?<\/h3>\n\n\n\n<p>Wenn Sie ein Forscher, Mitglied der Fakult\u00e4t, Einrichtung oder Doktorvater erkunden angrenzenden Felder, ich bin offen f\u00fcr die Zusammenarbeit, Papier co-Autorenschaft und strukturierte Diskussion.<\/p>\n\n\n\n<div class=\"wp-block-buttons is-layout-flex wp-block-buttons-is-layout-flex\">\n<div class=\"wp-block-button is-style-outline is-style-outline--1\"><a class=\"wp-block-button__link wp-element-button\" href=\"mailto:bartosz@micianiec.ch\">\ud83d\udce9 bartosz@micianiec.ch<\/a><\/div>\n<\/div>\n\n\n\n<div class=\"wp-block-group alignfull has-background is-layout-constrained wp-container-core-group-is-layout-3bfa357b wp-block-group-is-layout-constrained\" style=\"background-color:#00000008;padding-top:var(--wp--preset--spacing--50);padding-right:var(--wp--preset--spacing--40);padding-bottom:var(--wp--preset--spacing--50);padding-left:var(--wp--preset--spacing--40)\">\n<div class=\"wp-block-group alignwide is-content-justification-space-between is-layout-flex wp-container-core-group-is-layout-cdd4a880 wp-block-group-is-layout-flex\">\n<div class=\"wp-block-group wp-container-content-9cfa9a5a is-content-justification-left is-layout-constrained wp-container-core-group-is-layout-12dd3699 wp-block-group-is-layout-constrained\">\n<p class=\"has-text-align-left\" style=\"font-size:clamp(0.875rem, 0.875rem + ((1vw - 0.2rem) * 0.031), 0.9rem);font-style:normal;font-weight:600;letter-spacing:1px;text-transform:uppercase\">Suche<\/p>\n\n\n<form role=\"search\" method=\"get\" action=\"https:\/\/micianiec.ch\/de\/\" class=\"wp-block-search__button-outside wp-block-search__icon-button wp-block-search\" data-trp-original-action=\"https:\/\/micianiec.ch\/de\/\"    ><label class=\"wp-block-search__label screen-reader-text\" for=\"wp-block-search__input-2\" >Suche<\/label><div class=\"wp-block-search__inside-wrapper\"  style=\"width: 100%\"><input class=\"wp-block-search__input\" id=\"wp-block-search__input-2\" placeholder=\"\" value=\"\" type=\"search\" name=\"s\" required style=\"border-width: 1px\"\/><button aria-label=\"Suche\" class=\"wp-block-search__button has-icon wp-element-button\" type=\"submit\"  style=\"border-width: 1px\"><svg class=\"search-icon\" viewbox=\"0 0 24 24\" width=\"24\" height=\"24\">\n\t\t\t\t\t<path d=\"M13 5c-3.3 0-6 2.7-6 6 0 1.4.5 2.7 1.3 3.7l-3.8 3.8 1.1 1.1 3.8-3.8c1 .8 2.3 1.3 3.7 1.3 3.3 0 6-2.7 6-6S16.3 5 13 5zm0 10.5c-2.5 0-4.5-2-4.5-4.5s2-4.5 4.5-4.5 4.5 2 4.5 4.5-2 4.5-4.5 4.5z\"><\/path>\n\t\t\t\t<\/svg><\/button><\/div><input type=\"hidden\" name=\"trp-form-language\" value=\"de\"\/><\/form><\/div>\n<\/div>\n\n\n\n<div class=\"wp-block-group alignwide is-content-justification-center is-layout-flex wp-container-core-group-is-layout-c124d1c4 wp-block-group-is-layout-flex\">\n<div class=\"wp-block-group is-content-justification-center is-layout-flex wp-container-core-group-is-layout-a89b3969 wp-block-group-is-layout-flex\"><h1 class=\"has-text-align-center wp-block-site-title has-small-font-size\"><a href=\"https:\/\/micianiec.ch\/de\" target=\"_self\" rel=\"home\">Die Forschung unterst\u00fctzt die Klarheit. Praxis-tests-Ideen. Ich Baue in beide Richtungen.<\/a><\/h1><\/div>\n<\/div>\n<\/div>","protected":false},"excerpt":{"rendered":"<p>This section presents the academic and analytical side of my work While I operate professionally in business execution, I also develop research that explores the deeper economic, technological, and strategic patterns shaping innovation, intangible asset value, and digital transformation. The two worlds are connected: theory feeds practice, and real-world patterns sharpen theory. Research Focus Areas [&hellip;]<\/p>","protected":false},"author":1,"featured_media":0,"parent":0,"menu_order":0,"comment_status":"closed","ping_status":"closed","template":"","meta":{"footnotes":""},"class_list":["post-86","page","type-page","status-publish","hentry"],"blocksy_meta":[],"_links":{"self":[{"href":"https:\/\/micianiec.ch\/de\/wp-json\/wp\/v2\/pages\/86","targetHints":{"allow":["GET"]}}],"collection":[{"href":"https:\/\/micianiec.ch\/de\/wp-json\/wp\/v2\/pages"}],"about":[{"href":"https:\/\/micianiec.ch\/de\/wp-json\/wp\/v2\/types\/page"}],"author":[{"embeddable":true,"href":"https:\/\/micianiec.ch\/de\/wp-json\/wp\/v2\/users\/1"}],"replies":[{"embeddable":true,"href":"https:\/\/micianiec.ch\/de\/wp-json\/wp\/v2\/comments?post=86"}],"version-history":[{"count":5,"href":"https:\/\/micianiec.ch\/de\/wp-json\/wp\/v2\/pages\/86\/revisions"}],"predecessor-version":[{"id":115,"href":"https:\/\/micianiec.ch\/de\/wp-json\/wp\/v2\/pages\/86\/revisions\/115"}],"wp:attachment":[{"href":"https:\/\/micianiec.ch\/de\/wp-json\/wp\/v2\/media?parent=86"}],"curies":[{"name":"wp","href":"https:\/\/api.w.org\/{rel}","templated":true}]}}