{"id":73,"date":"2025-03-30T16:18:07","date_gmt":"2025-03-30T16:18:07","guid":{"rendered":"https:\/\/micianiec.ch\/?page_id=73"},"modified":"2025-03-30T20:42:19","modified_gmt":"2025-03-30T20:42:19","slug":"core-offering","status":"publish","type":"page","link":"https:\/\/micianiec.ch\/de\/core-offering\/","title":{"rendered":"Business-Angebot"},"content":{"rendered":"<h4 class=\"wp-block-heading has-palette-color-6-background-color has-background\"><strong>Was Ich Biete<\/strong><\/h4>\n\n\n\n<p class=\"has-palette-color-7-background-color has-background has-medium-font-size\">Ich arbeite mit der wachsenden Organisationen, die ausgef\u00fchrt werden muss, nicht nur zu planen. Ob Sie sind \u00fcberw\u00e4ltigt von der Lieferung, k\u00e4mpfen mit Struktur oder versuchen, um Innovationen zahlen sich aus, ich Schritt als eine cross-funktionale F\u00fchrung zu schaffen, Bewegung, Klarheit und kommerzielle Traktion.<\/p>\n\n\n\n<h4 class=\"wp-block-heading has-palette-color-6-background-color has-background\">Was Ich Tue<\/h4>\n\n\n\n<p class=\"has-palette-color-7-background-color has-background has-medium-font-size\">Ich helfe early-stage-und scaling-Unternehmen unlock Wert und reduzieren die Reibung durch smart-Lieferung, digitale Systeme und klare \u00fcbereinstimmung zwischen Technologie, Operationen und Ergebnisse. Meine arbeiten in der Regel befindet sich an der Kreuzung von: Compliance-intensive Umgebungen (Lebenswissenschaft, Finance, RegTech), Produkt-und Programm-Ausf\u00fchrung, Agile Systeme, die F\u00fchrung (SAFe, Scrum, Nexus), Gesch\u00e4ftsprozessinnovation, Daten informiert Wachstumsstrategie<\/p>\n\n\n\n<h3 class=\"wp-block-heading has-palette-color-5-background-color has-background has-medium-font-size\">Kernkompetenzen<\/h3>\n\n\n\n<div class=\"wp-block-columns is-layout-flex wp-container-core-columns-is-layout-28f84493 wp-block-columns-is-layout-flex\">\n<div class=\"wp-block-column is-layout-flow wp-block-column-is-layout-flow\">\n<p><strong>Agile Ausf\u00fchrung &amp; Transformation<\/strong><br>SAFe, Scrum (PSM, PPO), DevOps, Portfolio f\u00fchren<br>Mir laufen die Systeme, die Ideen geliefert\u2014effizient, cross-funktional und ohne silos.<\/p>\n\n\n\n<p><strong>Prozessoptimierung &amp; Automatisierung<\/strong><br>Design Thinking, TOGAF, DDD, RPA<br>Ich Schnitt Abf\u00e4lle, automatisieren, was automatisiert werden kann, und Struktur-was ist chaotisch.<\/p>\n<\/div>\n\n\n\n<div class=\"wp-block-column is-layout-flow wp-block-column-is-layout-flow\">\n<p><strong>Digital-Und Cloud-Systeme<\/strong><br>AWS, Google Cloud, SAP HANA, Salesforce<br>Design und Lieferung von skalierbaren, automatisierten, cloud-first-Umgebungen.<\/p>\n\n\n\n<p><strong>Einhaltung, \u00dcberpr\u00fcfung &amp; Dokumentation<\/strong><br>GxP, GDPR -, CSV -, HIPAA -, SOX<br>Vor allem in regulierten Branchen \u2013 meine setups erf\u00fcllen Kontrolle ohne Verlust von Geschwindigkeit.<\/p>\n<\/div>\n\n\n\n<div class=\"wp-block-column is-layout-flow wp-block-column-is-layout-flow\">\n<p><strong>Data, BI &amp; Analytics<\/strong><br>SQL, Python, Vertica, ETL, ML, AI Gen<br>Von Daten-Modellierung und dashboards zu AI, fundierte Entscheidungen zu treffen \u2013 smart verwenden, was Sie bereits wissen.<\/p>\n\n\n\n<p><strong>Finance &amp; Economics<\/strong><br>Asset management, forecasting, Modellierung<br>Ich Verbinde die finanzielle Logik, um betriebliche Wirklichkeit und helfen, Struktur business-cases, die halten.<\/p>\n<\/div>\n<\/div>\n\n\n\n<h5 class=\"wp-block-heading has-palette-color-5-background-color has-background\">Probe Engagements Engagements Probe<\/h5>\n\n\n\n<ul class=\"wp-block-list has-palette-color-7-background-color has-background has-medium-font-size\">\n<li>Die Beratung bei asset-management-Modelle in der Finanz-und compliance-Sektoren der Schwerindustrie,<\/li>\n\n\n\n<li>Skaliert digital delivery in pharma-marketing-und klinische Programme (Veeva, IQVIA),<\/li>\n\n\n\n<li>Geliefert large-scale-system-Anpassung der Umsatz-management-Plattformen<\/li>\n\n\n\n<li>Konzeption und Durchf\u00fchrung datenzentrierter Omnichannel-Aktivierungsprojekte f\u00fcr Lebenswissenschafts-Unternehmen.<\/li>\n<\/ul>\n\n\n\n<h5 class=\"wp-block-heading has-palette-color-5-background-color has-background has-medium-font-size\">Wer Arbeite Ich Am Besten Mit<\/h5>\n\n\n\n<ul class=\"wp-block-list has-palette-color-7-background-color has-background has-medium-font-size\">\n<li>Gr\u00fcnder, CFOs oder CTOs in <strong>KMU im Fr\u00fchstadium oder im Wachstum<\/strong>,<\/li>\n\n\n\n<li>Lebenswissenschaften, Medizintechnik oder finanznahe Unternehmen,<\/li>\n\n\n\n<li>Organisationen, die schneller wachsen als Ihre Struktur,<\/li>\n\n\n\n<li>Teams stecken zwischen <strong>Strategie und Ausf\u00fchrung<\/strong>.<\/li>\n<\/ul>\n\n\n\n<h5 class=\"wp-block-heading has-palette-color-5-background-color has-background has-medium-font-size\">Wie Ich Arbeite<\/h5>\n\n\n\n<p class=\"has-palette-color-7-background-color has-background has-medium-font-size\">Ich nicht verkaufen langen Pr\u00e4sentationen oder Folien.<br>Ich trete Teams bei, <strong>um echte Initiativen zu leiten<\/strong>, treffen Sie Entscheidungen schneller, und erstellen Sie sichtbare Ergebnisse.<br><br><strong>Formate?<br><\/strong>\u2013 Interim executive oder gebrochene engagement<br>\u2013 Projekt-und portfolio-basierten Geltungsbereich<br>\u2013 Gezielten sprints<\/p>\n\n\n\n<p class=\"has-palette-color-5-background-color has-background has-medium-font-size\">Bereit sich zu bewegen? Dies ist <strong>nicht<\/strong> eine langfristige Beratungs-Programm. Es ist ein <strong>scharfe Gespr\u00e4ch<\/strong> wendet die Mehrdeutigkeit in der Ausrichtung. <br>Sprechen wir dar\u00fcber, was nicht funktioniert und wie ich Ihnen helfen kann, \u00e4ndern. <br>Erste session ist kostenlos. Wenn mehr ben\u00f6tigt wird, definieren wir den Umfang zusammen.<\/p>\n\n\n\n<div class=\"wp-block-buttons is-layout-flex wp-block-buttons-is-layout-flex\">\n<div class=\"wp-block-button is-style-outline is-style-outline--1\"><a class=\"wp-block-button__link wp-element-button\" href=\"https:\/\/calendly.com\/value-clarity\">Eine Sitzung buchen<\/a><\/div>\n\n\n\n<div class=\"wp-block-button is-style-outline is-style-outline--2\"><a class=\"wp-block-button__link wp-element-button\" href=\"mailto:bartosz@micianiec.ch\">Senden Sie eine Nachricht<\/a><\/div>\n<\/div>\n\n\n\n<p class=\"has-text-align-center has-palette-color-2-color has-palette-color-6-background-color has-text-color has-background has-link-color has-small-font-size wp-elements-2f5b2da6b5548ed6c7d1a6e6462a5243\"><strong>Aus dem Nebel der Ausf\u00fchrung in die Logik der Reflexion.<\/strong><\/p>\n\n\n\n<p><\/p>","protected":false},"excerpt":{"rendered":"<p>What I Offer I work with growing organizations that need to execute &#8211; not just plan. Whether you&#8217;re overwhelmed by delivery, struggling with structure or trying to make innovation pay off, I step in as a cross-functional lead to create movement, clarity and commercial traction. What I Do I help early-stage and scaling businesses unlock [&hellip;]<\/p>","protected":false},"author":1,"featured_media":0,"parent":0,"menu_order":0,"comment_status":"closed","ping_status":"closed","template":"","meta":{"footnotes":""},"class_list":["post-73","page","type-page","status-publish","hentry"],"blocksy_meta":[],"_links":{"self":[{"href":"https:\/\/micianiec.ch\/de\/wp-json\/wp\/v2\/pages\/73","targetHints":{"allow":["GET"]}}],"collection":[{"href":"https:\/\/micianiec.ch\/de\/wp-json\/wp\/v2\/pages"}],"about":[{"href":"https:\/\/micianiec.ch\/de\/wp-json\/wp\/v2\/types\/page"}],"author":[{"embeddable":true,"href":"https:\/\/micianiec.ch\/de\/wp-json\/wp\/v2\/users\/1"}],"replies":[{"embeddable":true,"href":"https:\/\/micianiec.ch\/de\/wp-json\/wp\/v2\/comments?post=73"}],"version-history":[{"count":14,"href":"https:\/\/micianiec.ch\/de\/wp-json\/wp\/v2\/pages\/73\/revisions"}],"predecessor-version":[{"id":101,"href":"https:\/\/micianiec.ch\/de\/wp-json\/wp\/v2\/pages\/73\/revisions\/101"}],"wp:attachment":[{"href":"https:\/\/micianiec.ch\/de\/wp-json\/wp\/v2\/media?parent=73"}],"curies":[{"name":"wp","href":"https:\/\/api.w.org\/{rel}","templated":true}]}}