{"id":3,"date":"2025-03-28T20:50:05","date_gmt":"2025-03-28T20:50:05","guid":{"rendered":"https:\/\/micianiec.ch\/?page_id=3"},"modified":"2025-03-30T21:48:36","modified_gmt":"2025-03-30T21:48:36","slug":"privacy-policy","status":"publish","type":"page","link":"https:\/\/micianiec.ch\/de\/privacy-policy\/","title":{"rendered":"Datenschutzerkl\u00e4rung"},"content":{"rendered":"<h2 class=\"wp-block-heading\">Kommentare<\/h2>\n\n\n\n<p>Aus Ihrer E-Mail-Adresse kann eine anonymisierte Zeichenfolge (auch Hash genannt) erstellt und dem Gravatar-Dienst \u00fcbergeben werden, um zu pr\u00fcfen, ob Sie diesen benutzen. Die Datenschutzerkl\u00e4rung des Gravatar-Dienstes finden Sie hier: https:\/\/automattic.com\/privacy\/. Nach Freigabe Ihres Kommentars ist Ihr Profilbild \u00f6ffentlich im Kontext Ihres Kommentars sichtbar.<\/p>\n\n\n\n<h2 class=\"wp-block-heading\">Cookies<\/h2>\n\n\n\n<p>Wenn Sie einen Kommentar auf unserer Website hinterlassen, k\u00f6nnen Sie Ihren Namen, Ihre E-Mail-Adresse und Ihre Website in Cookies speichern. Dies dient Ihrer Bequemlichkeit, damit Sie Ihre Daten nicht erneut eingeben m\u00fcssen, wenn Sie einen weiteren Kommentar hinterlassen. Diese Cookies sind ein Jahr lang g\u00fcltig.<\/p>\n\n\n\n<p>Wenn Sie den Besuch unserer login-Seite, setzen wir ein tempor\u00e4res cookie, um festzustellen, ob dein browser cookies akzeptiert. Dieses cookie enth\u00e4lt keine personenbezogenen Daten und wird verworfen, wenn Sie Ihren browser schlie\u00dfen.<\/p>\n\n\n\n<p>Wenn Sie sich anmelden, werden wir auch mehrere cookies speichern Sie Ihre login-Informationen und Ihre Bildschirm Auswahl. Login cookies zuletzt f\u00fcr zwei Tage, und Bildschirm Optionen cookies dauern ein Jahr. Wenn Sie die Option &#034;Remember Me&#034;, your login will persist for two weeks. Wenn Sie sich von Ihrem Konto, die login-cookies werden entfernt.<\/p>\n\n\n\n<p>Wenn Sie Bearbeiten oder einen Artikel ver\u00f6ffentlichen, ein zus\u00e4tzliches cookie in Ihrem browser gespeichert. Dieses cookie enth\u00e4lt keine personenbezogenen Daten und gibt einfach die post-ID des Artikels, den Sie gerade bearbeitet haben. Es l\u00e4uft nach 1 Tag.<\/p>\n\n\n\n<h2 class=\"wp-block-heading\">Eingebettete Inhalte von anderen websites<\/h2>\n\n\n\n<p>Artikel auf diese Website kann eingebettete Inhalte (z.B. videos, Bilder, Artikel usw.). Eingebettete Inhalte von anderen websites verh\u00e4lt sich genau so, als ob der Besucher die andere website besucht.<\/p>\n\n\n\n<p>Diese websites k\u00f6nnen sammeln Daten \u00fcber Sie, verwenden cookies, einbetten zus\u00e4tzlicher Drittanbieter-tracking, und \u00fcberwachen Sie Ihre Interaktion mit den eingebetteten Inhalten, einschlie\u00dflich der Verfolgung Ihrer Interaktion mit dem eingebetteten Inhalt, falls Sie ein Konto haben und eingeloggt sind und auf diese website.<\/p>\n\n\n\n<h2 class=\"wp-block-heading\">Wie lange behalten wir Ihre Daten<\/h2>\n\n\n\n<p>Wenn Sie einen Kommentar hinterlassen, der Kommentar und seine Metadaten auf unbestimmte Zeit beibehalten. So k\u00f6nnen wir erkennen und genehmigen, die follow-up-Kommentare automatisch, sondern halten Sie Sie in einer MODERATIONS-Warteschlange.<\/p>\n\n\n\n<p>F\u00fcr Anwender, die auf unserer website registrieren (falls vorhanden), speichern wir auch die pers\u00f6nlichen Informationen, die Sie in Ihrem Benutzer-Profil. Alle Benutzer k\u00f6nnen sehen, Bearbeiten oder l\u00f6schen Ihrer pers\u00f6nlichen Informationen jederzeit, (Ausnahme die Sie nicht \u00e4ndern k\u00f6nnen Sie Ihren Benutzernamen). Website-Administratoren k\u00f6nnen auch sehen und Bearbeiten Sie die Informationen.<\/p>\n\n\n\n<h2 class=\"wp-block-heading\">Welche Rechte haben Sie \u00fcber Ihre Daten<\/h2>\n\n\n\n<p>Wenn Sie Kommentare hinterlassen haben, k\u00f6nnen Sie anfordern, erhalten Sie eine exportierte Datei der pers\u00f6nlichen Daten wir \u00fcber Sie gespeichert haben, einschlie\u00dflich aller Daten, die Sie uns zur Verf\u00fcgung gestellt haben. Sie k\u00f6nnen auch verlangen, dass wir die L\u00f6schung von personenbezogenen Daten, die wir \u00fcber Sie gespeichert haben. Dies beinhaltet keine Daten, die wir verpflichtet sind zu halten, die f\u00fcr administrative, rechtliche oder Sicherheitszwecke.<\/p>\n\n\n\n<h2 class=\"wp-block-heading\">Wohin Ihre Daten gesendet werden<\/h2>\n\n\n\n<p>Besucher-Kommentare k\u00f6nnen \u00fcberpr\u00fcft werden durch einen automatisierten spam detection service.<\/p>","protected":false},"excerpt":{"rendered":"<p>Comments An anonymized string created from your email address (also called a hash) may be provided to the Gravatar service to see if you are using it. The Gravatar service privacy policy is available here: https:\/\/automattic.com\/privacy\/. After approval of your comment, your profile picture is visible to the public in the context of your comment. [&hellip;]<\/p>","protected":false},"author":1,"featured_media":0,"parent":0,"menu_order":0,"comment_status":"closed","ping_status":"open","template":"","meta":{"footnotes":""},"class_list":["post-3","page","type-page","status-publish","hentry"],"blocksy_meta":[],"_links":{"self":[{"href":"https:\/\/micianiec.ch\/de\/wp-json\/wp\/v2\/pages\/3","targetHints":{"allow":["GET"]}}],"collection":[{"href":"https:\/\/micianiec.ch\/de\/wp-json\/wp\/v2\/pages"}],"about":[{"href":"https:\/\/micianiec.ch\/de\/wp-json\/wp\/v2\/types\/page"}],"author":[{"embeddable":true,"href":"https:\/\/micianiec.ch\/de\/wp-json\/wp\/v2\/users\/1"}],"replies":[{"embeddable":true,"href":"https:\/\/micianiec.ch\/de\/wp-json\/wp\/v2\/comments?post=3"}],"version-history":[{"count":3,"href":"https:\/\/micianiec.ch\/de\/wp-json\/wp\/v2\/pages\/3\/revisions"}],"predecessor-version":[{"id":114,"href":"https:\/\/micianiec.ch\/de\/wp-json\/wp\/v2\/pages\/3\/revisions\/114"}],"wp:attachment":[{"href":"https:\/\/micianiec.ch\/de\/wp-json\/wp\/v2\/media?parent=3"}],"curies":[{"name":"wp","href":"https:\/\/api.w.org\/{rel}","templated":true}]}}